{"id":93239,"date":"2025-03-26T13:37:19","date_gmt":"2025-03-26T13:37:19","guid":{"rendered":"http:\/\/srnit-template-divi.local\/?page_id=238854"},"modified":"2025-03-31T11:28:36","modified_gmt":"2025-03-31T09:28:36","slug":"blog-full-width","status":"publish","type":"page","link":"https:\/\/support.studiomarmotte.com\/demo-serenite\/blog-full-width\/","title":{"rendered":"Blog full width"},"content":{"rendered":"<p>[et_pb_section fb_built=&#8221;1&#8243; custom_padding_last_edited=&#8221;on|phone&#8221; _builder_version=&#8221;4.27.4&#8243; _module_preset=&#8221;default&#8221; background_enable_color=&#8221;off&#8221; use_background_color_gradient=&#8221;on&#8221; background_color_gradient_stops=&#8221;rgba(0,0,0,0.8) 0%|#8b836f 99%&#8221; background_image=&#8221;https:\/\/support.studiomarmotte.com\/demo-serenite\/wp-content\/uploads\/sites\/4\/2025\/03\/pexels-leeloothefirst-5055936.webp&#8221; background_blend=&#8221;multiply&#8221; max_height=&#8221;400px&#8221; max_height_tablet=&#8221;&#8221; max_height_phone=&#8221;&#8221; max_height_last_edited=&#8221;on|tablet&#8221; custom_padding=&#8221;210px||210px||true|false&#8221; custom_padding_tablet=&#8221;120px||120px||true|false&#8221; custom_padding_phone=&#8221;&#8221; global_colors_info=&#8221;{}&#8221;][\/et_pb_section][et_pb_section fb_built=&#8221;1&#8243; custom_padding_last_edited=&#8221;on|phone&#8221; _builder_version=&#8221;4.27.4&#8243; _module_preset=&#8221;default&#8221; background_image=&#8221;https:\/\/support.studiomarmotte.com\/demo-serenite\/wp-content\/uploads\/sites\/4\/2025\/03\/feuillePlan-de-travail-13@3x.png&#8221; background_size=&#8221;initial&#8221; background_position=&#8221;bottom_right&#8221; background_vertical_offset=&#8221;-1%&#8221; custom_padding=&#8221;3%||||false|false&#8221; custom_padding_tablet=&#8221;12%||12%||true|false&#8221; custom_padding_phone=&#8221;12%||12%||true|false&#8221; global_colors_info=&#8221;{}&#8221;][et_pb_row make_equal=&#8221;on&#8221; _builder_version=&#8221;4.27.4&#8243; _module_preset=&#8221;default&#8221; custom_margin=&#8221;0%||||false|false&#8221; global_colors_info=&#8221;{}&#8221;][et_pb_column type=&#8221;4_4&#8243; _builder_version=&#8221;4.27.4&#8243; _module_preset=&#8221;default&#8221; custom_padding=&#8221;0%||||false|false&#8221; custom_padding_tablet=&#8221;9%||||false|false&#8221; custom_padding_phone=&#8221;9%||||false|false&#8221; custom_padding_last_edited=&#8221;on|tablet&#8221; global_colors_info=&#8221;{}&#8221;][et_pb_text _builder_version=&#8221;4.27.4&#8243; _module_preset=&#8221;ad9679db-a65e-4cf2-95b4-796be4bbd354&#8243; header_text_color=&#8221;#000000&#8243; header_2_text_align=&#8221;left&#8221; header_2_font_size=&#8221;3em&#8221; global_colors_info=&#8221;{}&#8221;]<\/p>\n<h1>Blog<\/h1>\n<p>[\/et_pb_text][et_pb_text _builder_version=&#8221;4.27.4&#8243; _module_preset=&#8221;default&#8221; header_3_text_align=&#8221;center&#8221; custom_margin=&#8221;-15px||2%||false|false&#8221; global_colors_info=&#8221;{}&#8221;]<\/p>\n<h3>Full width<\/h3>\n<p>[\/et_pb_text][et_pb_menu menu_id=&#8221;12&#8243; menu_style=&#8221;centered&#8221; dropdown_menu_line_color=&#8221;#000000&#8243; cart_icon_color=&#8221;#000000&#8243; search_icon_color=&#8221;#000000&#8243; menu_icon_color=&#8221;#CE936B&#8221; _builder_version=&#8221;4.27.4&#8243; _module_preset=&#8221;default&#8221; z_index=&#8221;500&#8243; custom_padding=&#8221;5px||5px||true|false&#8221; hover_enabled=&#8221;0&#8243; border_width_top=&#8221;1px&#8221; border_width_bottom=&#8221;1px&#8221; global_colors_info=&#8221;{}&#8221; sticky_enabled=&#8221;0&#8243;][\/et_pb_menu][\/et_pb_column][\/et_pb_row][et_pb_row use_custom_gutter=&#8221;on&#8221; gutter_width=&#8221;2&#8243; _builder_version=&#8221;4.27.4&#8243; _module_preset=&#8221;default&#8221; max_width=&#8221;1400px&#8221; custom_margin=&#8221;2%||||false|false&#8221; global_colors_info=&#8221;{}&#8221;][et_pb_column type=&#8221;4_4&#8243; _builder_version=&#8221;4.27.4&#8243; _module_preset=&#8221;default&#8221; global_colors_info=&#8221;{}&#8221;][et_pb_blog excerpt_length=&#8221;200&#8243; show_categories=&#8221;on&#8221; show_pagination=&#8221;on&#8221; module_class=&#8221;serenite_gridblog &#8221; _builder_version=&#8221;4.27.4&#8243; _module_preset=&#8221;default&#8221; header_text_color=&#8221;#000000&#8243; header_font_size=&#8221;1.6em&#8221; meta_font=&#8221;|||on|||||&#8221; meta_text_color=&#8221;#D6C8B1&#8243; global_colors_info=&#8221;{}&#8221;][\/et_pb_blog][\/et_pb_column][\/et_pb_row][\/et_pb_section][et_pb_section fb_built=&#8221;1&#8243; _builder_version=&#8221;4.27.4&#8243; _module_preset=&#8221;default&#8221; custom_margin=&#8221;0px||0px||true|false&#8221; custom_padding=&#8221;0px||0px||true|false&#8221; global_colors_info=&#8221;{}&#8221;][et_pb_row column_structure=&#8221;1_2,1_2&#8243; use_custom_gutter=&#8221;on&#8221; gutter_width=&#8221;1&#8243; make_equal=&#8221;on&#8221; _builder_version=&#8221;4.27.4&#8243; _module_preset=&#8221;default&#8221; width=&#8221;100%&#8221; max_width=&#8221;100%&#8221; custom_padding=&#8221;0px||0px||true|false&#8221; global_colors_info=&#8221;{}&#8221;][et_pb_column type=&#8221;1_2&#8243; _builder_version=&#8221;4.27.4&#8243; _module_preset=&#8221;default&#8221; background_color=&#8221;#fffaea&#8221; background_image=&#8221;https:\/\/support.studiomarmotte.com\/demo-serenite\/wp-content\/uploads\/sites\/4\/2025\/03\/texture.webp&#8221; background_blend=&#8221;multiply&#8221; custom_padding=&#8221;4%||4%||true|false&#8221; custom_padding_tablet=&#8221;9%||9%||true|false&#8221; custom_padding_phone=&#8221;18%||18%||true|false&#8221; custom_padding_last_edited=&#8221;on|phone&#8221; global_colors_info=&#8221;{}&#8221;][et_pb_text _builder_version=&#8221;4.27.4&#8243; _module_preset=&#8221;ad9679db-a65e-4cf2-95b4-796be4bbd354&#8243; header_3_text_align=&#8221;center&#8221; global_colors_info=&#8221;{}&#8221;]<\/p>\n<h3>Suivez-moi sur <em><strong>Instagram<\/strong><\/em><\/h3>\n<p><em><strong><\/strong><\/em><\/p>\n<p style=\"text-align: center;\">Coulisses <strong><em>@studio_marmotte_design<\/em><\/strong><\/p>\n<p>[\/et_pb_text][et_pb_text _builder_version=&#8221;4.27.4&#8243; _module_preset=&#8221;ad9679db-a65e-4cf2-95b4-796be4bbd354&#8243; global_colors_info=&#8221;{}&#8221;]<\/p>\n<p style=\"text-align: center;\">[instagram-feed feed=3]<\/p>\n<p>[\/et_pb_text][\/et_pb_column][et_pb_column type=&#8221;1_2&#8243; _builder_version=&#8221;4.27.4&#8243; _module_preset=&#8221;default&#8221; background_color=&#8221;#8B836F&#8221; custom_padding=&#8221;5%||5%||true|false&#8221; global_colors_info=&#8221;{}&#8221;][et_pb_signup title=&#8221;Restez inform\u00e9&#8221; button_text=&#8221;S&#8217;abonner&#8221; description=&#8221;<\/p>\n<p>Recevez des actualit\u00e9s et des r\u00e9ductions exclusives<\/p>\n<p>&#8221; _builder_version=&#8221;4.27.4&#8243; _module_preset=&#8221;default&#8221; form_field_background_color=&#8221;rgba(0,0,0,0)&#8221; form_field_text_color=&#8221;#000000&#8243; header_level=&#8221;h3&#8243; header_text_align=&#8221;center&#8221; header_text_color=&#8221;#000000&#8243; header_font_size=&#8221;2.3em&#8221; body_font=&#8221;||||||||&#8221; body_text_align=&#8221;center&#8221; body_text_color=&#8221;rgba(0,0,0,0.73)&#8221; form_field_text_align=&#8221;center&#8221; background_enable_color=&#8221;off&#8221; custom_button=&#8221;on&#8221; button_text_size=&#8221;1.3em&#8221; button_text_color=&#8221;#FFFFFF&#8221; button_bg_color=&#8221;#413b3a&#8221; button_border_width=&#8221;0px&#8221; button_border_color=&#8221;RGBA(255,255,255,0)&#8221; button_font=&#8221;|||on|||||&#8221; background_layout=&#8221;light&#8221; max_width=&#8221;80%&#8221; module_alignment=&#8221;center&#8221; border_width_all_fields=&#8221;1px&#8221; border_color_all_fields=&#8221;#000000&#8243; global_colors_info=&#8221;{}&#8221;][\/et_pb_signup][et_pb_text _builder_version=&#8221;4.27.4&#8243; _module_preset=&#8221;ad9679db-a65e-4cf2-95b4-796be4bbd354&#8243; text_text_color=&#8221;#000000&#8243; text_font_size=&#8221;0.8em&#8221; text_orientation=&#8221;center&#8221; global_colors_info=&#8221;{}&#8221;]<\/p>\n<p>Je vous promets que vos donn\u00e9es sont en s\u00e9curit\u00e9 avec moi. Consultez ma politique de confidentialit\u00e9.<\/p>\n<p>[\/et_pb_text][\/et_pb_column][\/et_pb_row][\/et_pb_section]<\/p>\n","protected":false},"excerpt":{"rendered":"<p>BlogFull widthSuivez-moi sur Instagram Coulisses @studio_marmotte_design[instagram-feed feed=3]Je vous promets que vos donn\u00e9es sont en s\u00e9curit\u00e9 avec moi. Consultez ma politique de confidentialit\u00e9.<\/p>\n","protected":false},"author":1,"featured_media":0,"parent":0,"menu_order":0,"comment_status":"closed","ping_status":"closed","template":"","meta":{"_acf_changed":false,"_et_pb_use_builder":"on","_et_pb_old_content":"","_et_gb_content_width":"","footnotes":""},"class_list":["post-93239","page","type-page","status-publish","hentry"],"acf":[],"_links":{"self":[{"href":"https:\/\/support.studiomarmotte.com\/demo-serenite\/wp-json\/wp\/v2\/pages\/93239","targetHints":{"allow":["GET"]}}],"collection":[{"href":"https:\/\/support.studiomarmotte.com\/demo-serenite\/wp-json\/wp\/v2\/pages"}],"about":[{"href":"https:\/\/support.studiomarmotte.com\/demo-serenite\/wp-json\/wp\/v2\/types\/page"}],"author":[{"embeddable":true,"href":"https:\/\/support.studiomarmotte.com\/demo-serenite\/wp-json\/wp\/v2\/users\/1"}],"replies":[{"embeddable":true,"href":"https:\/\/support.studiomarmotte.com\/demo-serenite\/wp-json\/wp\/v2\/comments?post=93239"}],"version-history":[{"count":2,"href":"https:\/\/support.studiomarmotte.com\/demo-serenite\/wp-json\/wp\/v2\/pages\/93239\/revisions"}],"predecessor-version":[{"id":100092,"href":"https:\/\/support.studiomarmotte.com\/demo-serenite\/wp-json\/wp\/v2\/pages\/93239\/revisions\/100092"}],"wp:attachment":[{"href":"https:\/\/support.studiomarmotte.com\/demo-serenite\/wp-json\/wp\/v2\/media?parent=93239"}],"curies":[{"name":"wp","href":"https:\/\/api.w.org\/{rel}","templated":true}]}}