{"id":98555,"date":"2025-03-27T10:35:15","date_gmt":"2025-03-27T10:35:15","guid":{"rendered":"http:\/\/srnit-template-divi.local\/?page_id=238965"},"modified":"2025-03-31T11:28:35","modified_gmt":"2025-03-31T09:28:35","slug":"checkout","status":"publish","type":"page","link":"https:\/\/support.studiomarmotte.com\/demo-serenite\/checkout\/","title":{"rendered":"Checkout"},"content":{"rendered":"\n[et_pb_section fb_built=&#8221;1&#8243; _builder_version=&#8221;4.27.4&#8243; _module_preset=&#8221;default&#8221; background_color=&#8221;#D6C8B1&#8243; use_background_color_gradient=&#8221;on&#8221; background_color_gradient_stops=&#8221;rgba(0,0,0,0.68) 0%|#8b836f 100%&#8221; background_image=&#8221;https:\/\/support.studiomarmotte.com\/demo-serenite\/wp-content\/uploads\/sites\/4\/2025\/03\/pexels-laurachouette-28843819.webp&#8221; background_blend=&#8221;multiply&#8221; custom_padding=&#8221;210px||||false|false&#8221; global_colors_info=&#8221;{}&#8221; theme_builder_area=&#8221;post_content&#8221;][\/et_pb_section][et_pb_section fb_built=&#8221;1&#8243; _builder_version=&#8221;4.27.4&#8243; _module_preset=&#8221;default&#8221; global_colors_info=&#8221;{}&#8221; theme_builder_area=&#8221;post_content&#8221;][et_pb_row _builder_version=&#8221;4.27.4&#8243; _module_preset=&#8221;default&#8221; global_colors_info=&#8221;{}&#8221; theme_builder_area=&#8221;post_content&#8221;][et_pb_column type=&#8221;4_4&#8243; _builder_version=&#8221;4.27.4&#8243; _module_preset=&#8221;default&#8221; global_colors_info=&#8221;{}&#8221; theme_builder_area=&#8221;post_content&#8221;][et_pb_code _builder_version=&#8221;4.27.4&#8243; _module_preset=&#8221;default&#8221; hover_enabled=&#8221;0&#8243; global_colors_info=&#8221;{}&#8221; theme_builder_area=&#8221;post_content&#8221; sticky_enabled=&#8221;0&#8243;][woocommerce_checkout][\/et_pb_code][\/et_pb_column][\/et_pb_row][\/et_pb_section][et_pb_section fb_built=&#8221;1&#8243; _builder_version=&#8221;4.27.4&#8243; _module_preset=&#8221;default&#8221; global_colors_info=&#8221;{}&#8221; theme_builder_area=&#8221;post_content&#8221;][et_pb_row column_structure=&#8221;1_2,1_2&#8243; use_custom_gutter=&#8221;on&#8221; gutter_width=&#8221;1&#8243; make_equal=&#8221;on&#8221; _builder_version=&#8221;4.27.4&#8243; _module_preset=&#8221;default&#8221; width=&#8221;100%&#8221; max_width=&#8221;100%&#8221; custom_padding=&#8221;0px||0px||true|false&#8221; global_colors_info=&#8221;{}&#8221; theme_builder_area=&#8221;post_content&#8221;][et_pb_column type=&#8221;1_2&#8243; _builder_version=&#8221;4.27.4&#8243; _module_preset=&#8221;default&#8221; background_color=&#8221;#fffaea&#8221; background_image=&#8221;https:\/\/support.studiomarmotte.com\/demo-serenite\/wp-content\/uploads\/sites\/4\/2025\/03\/texture.webp&#8221; background_blend=&#8221;multiply&#8221; custom_padding=&#8221;4%||4%||true|false&#8221; custom_padding_tablet=&#8221;9%||9%||true|false&#8221; custom_padding_phone=&#8221;18%||18%||true|false&#8221; custom_padding_last_edited=&#8221;on|phone&#8221; global_colors_info=&#8221;{}&#8221; theme_builder_area=&#8221;post_content&#8221;][et_pb_text _builder_version=&#8221;4.27.4&#8243; _module_preset=&#8221;default&#8221; header_3_text_align=&#8221;center&#8221; global_colors_info=&#8221;{}&#8221; theme_builder_area=&#8221;post_content&#8221;]<h3>Suivez-moi sur <em><strong>Instagram<\/strong><\/em><\/h3>\n<p><em><strong><\/strong><\/em><\/p>\n<p style=\"text-align: center;\">Coulisses <strong><em>@studio_marmotte_design<\/em><\/strong><\/p>[\/et_pb_text][et_pb_text _builder_version=&#8221;4.27.4&#8243; _module_preset=&#8221;default&#8221; global_colors_info=&#8221;{}&#8221; theme_builder_area=&#8221;post_content&#8221;]<p style=\"text-align: center;\">[instagram-feed feed=3]<\/p>[\/et_pb_text][\/et_pb_column][et_pb_column type=&#8221;1_2&#8243; _builder_version=&#8221;4.27.4&#8243; _module_preset=&#8221;default&#8221; background_color=&#8221;#8B836F&#8221; custom_padding=&#8221;5%||5%||true|false&#8221; global_colors_info=&#8221;{}&#8221; theme_builder_area=&#8221;post_content&#8221;][et_pb_signup title=&#8221;Restez inform\u00e9&#8221; button_text=&#8221;S&#8217;abonner&#8221; description=&#8221;<p>Recevez des actualit\u00e9s et des r\u00e9ductions exclusives<\/p>&#8221; _builder_version=&#8221;4.27.4&#8243; _module_preset=&#8221;default&#8221; form_field_background_color=&#8221;rgba(0,0,0,0)&#8221; form_field_text_color=&#8221;#000000&#8243; header_level=&#8221;h3&#8243; header_text_align=&#8221;center&#8221; header_text_color=&#8221;#000000&#8243; header_font_size=&#8221;2.3em&#8221; body_font=&#8221;||||||||&#8221; body_text_align=&#8221;center&#8221; body_text_color=&#8221;rgba(0,0,0,0.73)&#8221; form_field_text_align=&#8221;center&#8221; background_enable_color=&#8221;off&#8221; custom_button=&#8221;on&#8221; button_text_size=&#8221;1.3em&#8221; button_text_color=&#8221;#FFFFFF&#8221; button_bg_color=&#8221;#413b3a&#8221; button_border_width=&#8221;0px&#8221; button_border_color=&#8221;RGBA(255,255,255,0)&#8221; button_font=&#8221;|||on|||||&#8221; background_layout=&#8221;light&#8221; max_width=&#8221;80%&#8221; module_alignment=&#8221;center&#8221; border_width_all_fields=&#8221;1px&#8221; border_color_all_fields=&#8221;#000000&#8243; global_colors_info=&#8221;{}&#8221; theme_builder_area=&#8221;post_content&#8221;][\/et_pb_signup][et_pb_text _builder_version=&#8221;4.27.4&#8243; _module_preset=&#8221;default&#8221; text_text_color=&#8221;#000000&#8243; text_font_size=&#8221;0.8em&#8221; text_orientation=&#8221;center&#8221; global_colors_info=&#8221;{}&#8221; theme_builder_area=&#8221;post_content&#8221;]<p>Je vous promets que vos donn\u00e9es sont en s\u00e9curit\u00e9 avec moi. Consultez ma politique de confidentialit\u00e9.<\/p>[\/et_pb_text][\/et_pb_column][\/et_pb_row][\/et_pb_section]\n","protected":false},"excerpt":{"rendered":"<p>[woocommerce_checkout]Suivez-moi sur Instagram Coulisses @studio_marmotte_design[instagram-feed feed=3]Je vous promets que vos donn\u00e9es sont en s\u00e9curit\u00e9 avec moi. Consultez ma politique de confidentialit\u00e9.<\/p>\n","protected":false},"author":1,"featured_media":0,"parent":0,"menu_order":0,"comment_status":"closed","ping_status":"closed","template":"","meta":{"_acf_changed":false,"_et_pb_use_builder":"on","_et_pb_old_content":"","_et_gb_content_width":"","footnotes":""},"class_list":["post-98555","page","type-page","status-publish","hentry"],"acf":[],"_links":{"self":[{"href":"https:\/\/support.studiomarmotte.com\/demo-serenite\/wp-json\/wp\/v2\/pages\/98555","targetHints":{"allow":["GET"]}}],"collection":[{"href":"https:\/\/support.studiomarmotte.com\/demo-serenite\/wp-json\/wp\/v2\/pages"}],"about":[{"href":"https:\/\/support.studiomarmotte.com\/demo-serenite\/wp-json\/wp\/v2\/types\/page"}],"author":[{"embeddable":true,"href":"https:\/\/support.studiomarmotte.com\/demo-serenite\/wp-json\/wp\/v2\/users\/1"}],"replies":[{"embeddable":true,"href":"https:\/\/support.studiomarmotte.com\/demo-serenite\/wp-json\/wp\/v2\/comments?post=98555"}],"version-history":[{"count":1,"href":"https:\/\/support.studiomarmotte.com\/demo-serenite\/wp-json\/wp\/v2\/pages\/98555\/revisions"}],"predecessor-version":[{"id":100005,"href":"https:\/\/support.studiomarmotte.com\/demo-serenite\/wp-json\/wp\/v2\/pages\/98555\/revisions\/100005"}],"wp:attachment":[{"href":"https:\/\/support.studiomarmotte.com\/demo-serenite\/wp-json\/wp\/v2\/media?parent=98555"}],"curies":[{"name":"wp","href":"https:\/\/api.w.org\/{rel}","templated":true}]}}