{"id":99404,"date":"2025-03-25T17:24:22","date_gmt":"2025-03-25T17:24:22","guid":{"rendered":"http:\/\/srnit-template-divi.local\/?page_id=637"},"modified":"2025-03-31T12:19:37","modified_gmt":"2025-03-31T10:19:37","slug":"nina-brice","status":"publish","type":"page","link":"https:\/\/support.studiomarmotte.com\/demo-serenite\/nina-brice\/","title":{"rendered":"Galerie Nina &amp; Brice"},"content":{"rendered":"<p>[et_pb_section fb_built=&#8221;1&#8243; _builder_version=&#8221;4.27.4&#8243; _module_preset=&#8221;default&#8221; background_color=&#8221;rgba(0,0,0,0.68)&#8221; background_image=&#8221;https:\/\/support.studiomarmotte.com\/demo-serenite\/wp-content\/uploads\/sites\/4\/2025\/03\/pexels-n-voitkevich-4641864.webp&#8221; background_position=&#8221;top_center&#8221; background_blend=&#8221;multiply&#8221; max_height=&#8221;752px&#8221; max_height_tablet=&#8221;1200px&#8221; max_height_phone=&#8221;1100px&#8221; max_height_last_edited=&#8221;on|phone&#8221; custom_padding=&#8221;210px||||false|false&#8221; global_colors_info=&#8221;{}&#8221;][et_pb_row make_equal=&#8221;on&#8221; _builder_version=&#8221;4.27.4&#8243; _module_preset=&#8221;default&#8221; custom_margin=&#8221;-0.1%|auto|-0.1%|auto|true|false&#8221; global_colors_info=&#8221;{}&#8221;][et_pb_column type=&#8221;4_4&#8243; _builder_version=&#8221;4.27.4&#8243; _module_preset=&#8221;default&#8221; custom_padding=&#8221;0%||||false|false&#8221; custom_padding_tablet=&#8221;0%||||false|false&#8221; custom_padding_phone=&#8221;0%||||false|false&#8221; custom_padding_last_edited=&#8221;on|phone&#8221; global_colors_info=&#8221;{}&#8221;][et_pb_text _builder_version=&#8221;4.27.4&#8243; _module_preset=&#8221;default&#8221; header_text_color=&#8221;#FFFFFF&#8221; header_2_text_align=&#8221;left&#8221; header_2_font_size=&#8221;3em&#8221; header_3_text_align=&#8221;center&#8221; header_3_text_color=&#8221;#FFFFFF&#8221; header_3_font_size_tablet=&#8221;3rem&#8221; header_3_font_size_phone=&#8221;3rem&#8221; global_colors_info=&#8221;{}&#8221;]<\/p>\n<h3>Nina &amp; Brice<\/h3>\n<p>[\/et_pb_text][et_pb_image src=&#8221;https:\/\/support.studiomarmotte.com\/demo-serenite\/wp-content\/uploads\/sites\/4\/2025\/03\/fleche-droite2.png&#8221; alt=&#8221;icone appareil photo&#8221; title_text=&#8221;fleche-droite2&#8243; align=&#8221;center&#8221; _builder_version=&#8221;4.27.4&#8243; _module_preset=&#8221;default&#8221; width=&#8221;23%&#8221; global_colors_info=&#8221;{}&#8221;][\/et_pb_image][\/et_pb_column][\/et_pb_row][\/et_pb_section][et_pb_section fb_built=&#8221;1&#8243; custom_padding_last_edited=&#8221;on|phone&#8221; _builder_version=&#8221;4.27.4&#8243; _module_preset=&#8221;default&#8221; background_image=&#8221;https:\/\/support.studiomarmotte.com\/demo-serenite\/wp-content\/uploads\/sites\/4\/2025\/03\/feuillePlan-de-travail-13@3x.png&#8221; background_size=&#8221;initial&#8221; background_position=&#8221;bottom_right&#8221; custom_padding=&#8221;6%||6%||true|false&#8221; custom_padding_tablet=&#8221;15%||15%||true|false&#8221; custom_padding_phone=&#8221;25%||25%||true|false&#8221; global_colors_info=&#8221;{}&#8221;][et_pb_row column_structure=&#8221;2_5,3_5&#8243; _builder_version=&#8221;4.27.4&#8243; _module_preset=&#8221;default&#8221; border_width_bottom=&#8221;1px&#8221; border_color_bottom=&#8221;#D4C0AE&#8221; global_colors_info=&#8221;{}&#8221;][et_pb_column type=&#8221;2_5&#8243; _builder_version=&#8221;4.27.4&#8243; _module_preset=&#8221;default&#8221; border_width_right=&#8221;1px&#8221; border_color_right=&#8221;#D4C0AE&#8221; border_style_all_tablet=&#8221;none&#8221; border_style_all_phone=&#8221;none&#8221; border_style_all_last_edited=&#8221;on|tablet&#8221; global_colors_info=&#8221;{}&#8221;][et_pb_text _builder_version=&#8221;4.27.4&#8243; _module_preset=&#8221;default&#8221; text_font_size_tablet=&#8221;1rem&#8221; text_font_size_phone=&#8221;1rem&#8221; text_font_size_last_edited=&#8221;on|phone&#8221; global_colors_info=&#8221;{}&#8221;]<\/p>\n<p><em>Client: Nina &amp; Brice<\/em><\/p>\n<p><em>Localisation:\u00a0 Caen, France<\/em><\/p>\n<p><em>Date: Juillet, 2025<\/em><\/p>\n<p><em>Photographed by S\u00e9r\u00e9nit\u00e9<\/em><\/p>\n<p>[\/et_pb_text][\/et_pb_column][et_pb_column type=&#8221;3_5&#8243; _builder_version=&#8221;4.27.4&#8243; _module_preset=&#8221;default&#8221; global_colors_info=&#8221;{}&#8221;][et_pb_text _builder_version=&#8221;4.27.4&#8243; _module_preset=&#8221;default&#8221; global_colors_info=&#8221;{}&#8221;]<\/p>\n<p>Your content goes here. Edit or remove this text inline or in the module Content settings. You can also style every aspect of this content in the module Design settings and even apply custom CSS to this text in the module Advanced settings.Your content goes here. Edit or remove this text inline or in the module Content settings. You can also style every aspect of this content in the module Design settings and even apply custom CSS to this text in the module Advanced settings.<\/p>\n<p>[\/et_pb_text][\/et_pb_column][\/et_pb_row][et_pb_row column_structure=&#8221;1_3,1_3,1_3&#8243; use_custom_gutter=&#8221;on&#8221; gutter_width=&#8221;2&#8243; _builder_version=&#8221;4.27.4&#8243; _module_preset=&#8221;default&#8221; max_width=&#8221;1400px&#8221; custom_margin=&#8221;4%||||false|false&#8221; custom_margin_tablet=&#8221;4%||||false|false&#8221; custom_margin_phone=&#8221;4%||||false|false&#8221; custom_margin_last_edited=&#8221;on|tablet&#8221; global_colors_info=&#8221;{}&#8221;][et_pb_column type=&#8221;1_3&#8243; _builder_version=&#8221;4.16&#8243; _module_preset=&#8221;default&#8221; global_colors_info=&#8221;{}&#8221;][et_pb_image src=&#8221;https:\/\/support.studiomarmotte.com\/demo-serenite\/wp-content\/uploads\/sites\/4\/2025\/03\/pexels-jonathanborba-7237669.webp&#8221; alt=&#8221;#&#8221; title_text=&#8221;pexels-jonathanborba-7237669&#8243; show_in_lightbox=&#8221;on&#8221; _builder_version=&#8221;4.27.4&#8243; _module_preset=&#8221;default&#8221; filter_brightness=&#8221;98%&#8221; global_colors_info=&#8221;{}&#8221;][\/et_pb_image][et_pb_image src=&#8221;https:\/\/support.studiomarmotte.com\/demo-serenite\/wp-content\/uploads\/sites\/4\/2025\/03\/pexels-emma-bauso-1183828-2253870.webp&#8221; alt=&#8221;Photographe de mariage&#8221; title_text=&#8221;pexels-emma-bauso-1183828-2253870&#8243; show_in_lightbox=&#8221;on&#8221; module_class=&#8221;et-zoom-in&#8221; _builder_version=&#8221;4.27.4&#8243; _module_preset=&#8221;default&#8221; global_colors_info=&#8221;{}&#8221;][\/et_pb_image][\/et_pb_column][et_pb_column type=&#8221;1_3&#8243; _builder_version=&#8221;4.16&#8243; _module_preset=&#8221;default&#8221; global_colors_info=&#8221;{}&#8221;][et_pb_image src=&#8221;https:\/\/support.studiomarmotte.com\/demo-serenite\/wp-content\/uploads\/sites\/4\/2025\/03\/pexels-emma-bauso-1183828-2253866.webp&#8221; title_text=&#8221;pexels-emma-bauso-1183828-2253866&#8243; show_in_lightbox=&#8221;on&#8221; module_class=&#8221;et-zoom-in&#8221; _builder_version=&#8221;4.27.4&#8243; _module_preset=&#8221;default&#8221; global_colors_info=&#8221;{}&#8221;][\/et_pb_image][et_pb_image src=&#8221;https:\/\/support.studiomarmotte.com\/demo-serenite\/wp-content\/uploads\/sites\/4\/2025\/03\/pexels-jonathanborba-7237669.webp&#8221; alt=&#8221;#&#8221; title_text=&#8221;pexels-jonathanborba-7237669&#8243; show_in_lightbox=&#8221;on&#8221; _builder_version=&#8221;4.27.4&#8243; _module_preset=&#8221;default&#8221; filter_brightness=&#8221;98%&#8221; global_colors_info=&#8221;{}&#8221;][\/et_pb_image][\/et_pb_column][et_pb_column type=&#8221;1_3&#8243; _builder_version=&#8221;4.16&#8243; _module_preset=&#8221;default&#8221; global_colors_info=&#8221;{}&#8221;][et_pb_image src=&#8221;https:\/\/support.studiomarmotte.com\/demo-serenite\/wp-content\/uploads\/sites\/4\/2025\/03\/pexels-alinaskazka-14822269.webp&#8221; alt=&#8221;#&#8221; title_text=&#8221;pexels-alinaskazka-14822269&#8243; show_in_lightbox=&#8221;on&#8221; _builder_version=&#8221;4.27.4&#8243; _module_preset=&#8221;default&#8221; global_colors_info=&#8221;{}&#8221;][\/et_pb_image][et_pb_image src=&#8221;https:\/\/support.studiomarmotte.com\/demo-serenite\/wp-content\/uploads\/sites\/4\/2025\/03\/pexels-emma-bauso-1183828-2253867.webp&#8221; title_text=&#8221;pexels-emma-bauso-1183828-2253867&#8243; show_in_lightbox=&#8221;on&#8221; module_class=&#8221;et-zoom-in&#8221; _builder_version=&#8221;4.27.4&#8243; _module_preset=&#8221;default&#8221; global_colors_info=&#8221;{}&#8221;][\/et_pb_image][\/et_pb_column][\/et_pb_row][et_pb_row _builder_version=&#8221;4.27.4&#8243; _module_preset=&#8221;default&#8221; global_colors_info=&#8221;{}&#8221;][et_pb_column type=&#8221;4_4&#8243; _builder_version=&#8221;4.27.4&#8243; _module_preset=&#8221;default&#8221; global_colors_info=&#8221;{}&#8221;][et_pb_button button_text=&#8221;R\u00e9server votre shooting&#8221; _builder_version=&#8221;4.27.4&#8243; _module_preset=&#8221;default&#8221; hover_enabled=&#8221;0&#8243; global_colors_info=&#8221;{}&#8221; button_url=&#8221;@ET-DC@eyJkeW5hbWljIjp0cnVlLCJjb250ZW50IjoicG9zdF9saW5rX3VybF9wYWdlIiwic2V0dGluZ3MiOnsicG9zdF9pZCI6IjkwMDQzIn19@&#8221; _dynamic_attributes=&#8221;button_url&#8221; sticky_enabled=&#8221;0&#8243;][\/et_pb_button][\/et_pb_column][\/et_pb_row][\/et_pb_section][et_pb_section fb_built=&#8221;1&#8243; _builder_version=&#8221;4.27.4&#8243; _module_preset=&#8221;default&#8221; background_image=&#8221;https:\/\/support.studiomarmotte.com\/demo-serenite\/wp-content\/uploads\/sites\/4\/2025\/03\/pexels-emma-bauso-1183828-2253868.webp&#8221; parallax=&#8221;on&#8221; min_height_tablet=&#8221;343px&#8221; min_height_phone=&#8221;343px&#8221; min_height_last_edited=&#8221;on|phone&#8221; custom_margin=&#8221;48px|||||&#8221; custom_padding=&#8221;5%||5%||true|false&#8221; global_colors_info=&#8221;{}&#8221;][\/et_pb_section]<\/p>\n","protected":false},"excerpt":{"rendered":"<p>Nina &amp; BriceClient: Nina &amp; Brice Localisation:\u00a0 Caen, France Date: Juillet, 2025 Photographed by S\u00e9r\u00e9nit\u00e9Your content goes here. Edit or remove this text inline or in the module Content settings. You can also style every aspect of this content in the module Design settings and even apply custom CSS to this text in the module [&hellip;]<\/p>\n","protected":false},"author":1,"featured_media":0,"parent":0,"menu_order":0,"comment_status":"closed","ping_status":"closed","template":"","meta":{"_acf_changed":false,"_et_pb_use_builder":"on","_et_pb_old_content":"","_et_gb_content_width":"","footnotes":""},"class_list":["post-99404","page","type-page","status-publish","hentry"],"acf":[],"_links":{"self":[{"href":"https:\/\/support.studiomarmotte.com\/demo-serenite\/wp-json\/wp\/v2\/pages\/99404","targetHints":{"allow":["GET"]}}],"collection":[{"href":"https:\/\/support.studiomarmotte.com\/demo-serenite\/wp-json\/wp\/v2\/pages"}],"about":[{"href":"https:\/\/support.studiomarmotte.com\/demo-serenite\/wp-json\/wp\/v2\/types\/page"}],"author":[{"embeddable":true,"href":"https:\/\/support.studiomarmotte.com\/demo-serenite\/wp-json\/wp\/v2\/users\/1"}],"replies":[{"embeddable":true,"href":"https:\/\/support.studiomarmotte.com\/demo-serenite\/wp-json\/wp\/v2\/comments?post=99404"}],"version-history":[{"count":2,"href":"https:\/\/support.studiomarmotte.com\/demo-serenite\/wp-json\/wp\/v2\/pages\/99404\/revisions"}],"predecessor-version":[{"id":100106,"href":"https:\/\/support.studiomarmotte.com\/demo-serenite\/wp-json\/wp\/v2\/pages\/99404\/revisions\/100106"}],"wp:attachment":[{"href":"https:\/\/support.studiomarmotte.com\/demo-serenite\/wp-json\/wp\/v2\/media?parent=99404"}],"curies":[{"name":"wp","href":"https:\/\/api.w.org\/{rel}","templated":true}]}}